{"id":14,"date":"2025-10-29T18:47:08","date_gmt":"2025-10-29T18:47:08","guid":{"rendered":"https:\/\/magisklaiv.org\/Ravnlaiv\/?page_id=14"},"modified":"2026-02-04T14:01:39","modified_gmt":"2026-02-04T14:01:39","slug":"retningslinjer","status":"publish","type":"page","link":"https:\/\/magisklaiv.org\/Ravnlaiv\/retningslinjer\/","title":{"rendered":"V\u00e5r regler og retningslinjer"},"content":{"rendered":"\n<p><strong>Magisk Laivs retningslinjer, som gjelder for v\u00e5re laiver<\/strong>. <\/p>\n\n\n\n<p>Lesbarhet, informasjon og kommunikasjon<strong>:<\/strong><\/p>\n\n\n\n<p>Det forventes at alle leser deltakerinfo som legges i spillermappe, og rolledokumentet sitt. Dette skal v\u00e6re tilstrekkelig til \u00e5 kunne kjenne rammene for spillet, spille karakteren sin troverdig, og representere den kulturen karakteren kommer fra.<\/p>\n\n\n\n<p><strong>Briefing<\/strong>: Vi forventer at folk har satt seg inn i den informasjonen som er blitt gjort tilgjengelig i forkant, og kommer derfor ikke til \u00e5 gjennomg\u00e5 alt&nbsp; i detalj p\u00e5 stedet. Der vil vi fokusere p\u00e5 \u00e5 skape trygghet i gruppen og sette spillerne i stand til \u00e5 fortelle historien p\u00e5 egen h\u00e5nd. Vi kommer derfor til \u00e5 kraftig begrense tiden til sp\u00f8rsm\u00e5l i plenum.<\/p>\n\n\n\n<p>Arrang\u00f8rene er tilgjengelig p\u00e5 epost (magisklaiv \u00e6tt gmail.com), messenger og discord og, og oppfordrer alle til \u00e5 ta kontakt med sp\u00f8rsm\u00e5l.&nbsp;<\/p>\n\n\n\n<p>Vi pleier \u00e5 ha digitale spillerm\u00f8ter der vi svarer p\u00e5 sp\u00f8rsm\u00e5l og drodler.<\/p>\n\n\n\n<h2 class=\"wp-block-heading\">Sikkerhet og trygghet:<\/h2>\n\n\n\n<p>Magisk laiv har nulltoleranse for diskriminering, og ved overtredelser kan spillere bli fratatt plassen p\u00e5 laiven og fremtidige arrangementer n\u00e5r som helst i prosessen.<\/p>\n\n\n\n<p>Vi forventer at alle tar ansvar for sin egen opplevelse, trygghet og velv\u00e6re, og spiller innenfor sine personlige grenser og laivens f\u00f8ringer.<\/p>\n\n\n\n<p>Det er ikke tillatt \u00e5 nyte rusmidler p\u00e5 laivstedet. R\u00f8yking skal foreg\u00e5  utend\u00f8rs p\u00e5 designerte steder, av hensyn til brannsikkerhet og de som ikke vil utsettes for passiv r\u00f8yking. R\u00f8ykere er ansvarlig for \u00e5 rydde opp sneiper underveis og\/eller etter laiven.<\/p>\n\n\n\n<p>Ha respekt for \u00e5pen ild. Alle ildsteder skal ha brannslukkingsapparat. Den siste som forlater et ildsted skal slukke. Det er ikke tillatt med levende lys, bruk elektriske telys, lykter o.l.<\/p>\n\n\n\n<p>Sikkerhetsmekanisker vi bruker er kalibrering, eskalering\/de-eskalering, og man vil alltid ha muligheten til \u00e5 forlate en scene man ikke er komfortabel med.<\/p>\n\n\n\n<p>Kristine er oppl\u00e6rt i f\u00f8rstehjelp, kriseh\u00e5ndtering og psykisk helsevern. Arrang\u00f8rene har sertifikat og bil.<\/p>\n\n\n\n<h2 class=\"wp-block-heading\">Deltagelse og bidrag:<\/h2>\n\n\n\n<p>Passer for laivere i alle aldre, med alle grader av erfaring, av alle kj\u00f8nn og legninger.&nbsp;<\/p>\n\n\n\n<p>Vi \u00f8nsker \u00e5 tilrettelegge s\u00e5 langt som mulig, oppgi dine behov i p\u00e5melding eller send oss en epost, det meste kan l\u00f8ses med god kommuniasjon god tid i forveien.<\/p>\n\n\n\n<p>Alle spiller rollen sin og bidrar etter evne.<\/p>\n\n\n\n<h2 class=\"wp-block-heading\">Roller og bakgrunn<\/h2>\n\n\n\n<p>Arrang\u00f8rene skriver roller basert p\u00e5 egne ideer og spillernes \u00f8nsker. Hver rolle har ulik motivasjon for \u00e5 v\u00e6re p\u00e5 stedet. Vi opererer ikke med \u201cplott\u201d p\u00e5 den m\u00e5ten at man f\u00e5r en konkret oppgave man kan l\u00f8se for \u00e5 \u201cvinne\u201d laiven for rollen. Vi foretrekker \u00e5 snakke om rollens \u201cmotivasjon\u201d, som skal drive spillet, med mulighet for \u00e5 g\u00e5 i flere retninger. Vi har ingen konkrete tanker om hva som skal skje med rollene og hvor de skal v\u00e6re ved laivens slutt.<\/p>\n\n\n\n<p>Vi plasserer spillerne i grupperinger og lager relasjoner til andre grupperinger og roller basert p\u00e5 det som oppgir i p\u00e5meldingskjemaet.<\/p>\n\n\n\n<p>Det er derfor ogs\u00e5 viktig at du gir tilbakemelding dersom det er noe i rollen du ikke \u00f8nsker \u00e5 spille p\u00e5, s\u00e5 vi kan endre det i god tid f\u00f8r laiven. Alt som st\u00e5r i rollen er knyttet til andre roller, og dersom man bare lar det ligge tar det vekk fra andres opplevelse.<\/p>\n\n\n\n<h2 class=\"wp-block-heading\">Spillestil:<\/h2>\n\n\n\n<p>V\u00e6r gener\u00f8s: Det er ingen karakterer som er best i alt eller kan alt. Vi har skapt et mangfoldig rollegalleri der alle rollene har en funksjon, noe \u00e5 bidra med og en \u00e5rsak til at de er p\u00e5 stedet. Alle karakterer har sine styrker og svakheter, og laiven blir best med en gener\u00f8s spillestil, der vi gir hverandre plass til \u00e5 spille p\u00e5 hele karakterens spekter.<\/p>\n\n\n\n<p>Dette gj\u00f8res blant annet ved hjelp av <strong>kalibrering<\/strong>. Avklar med motspiller hvis du er usikker p\u00e5 om noe du \u00f8nsker \u00e5 gj\u00f8re i spill vil krysse en grense, eller dersom du vil avklare hvordan de involverte vil synes det er mest moro \u00e5 spille ut en relasjon eller situasjon. Dette kan gj\u00f8res i forkant av laiven, eller man kan diskret ta motspilleren til side for korte avklaringer.<\/p>\n\n\n\n<p>Dette kan med fordel gj\u00f8res i forkant av laiven, men er ogs\u00e5 mulig \u00e5 gj\u00f8re underveis, ta da motspilleren \u201coff\u201d, g\u00e5 til et diskret sted og ta en kort samtale om hvordan dere vil gj\u00f8re det.<\/p>\n\n\n\n<p>Det viktigste er at alle spillerne har det g\u00f8y og f\u00f8ler seg trygg!<\/p>\n\n\n\n<h2 class=\"wp-block-heading\">Kostymer:<\/h2>\n\n\n\n<p>Vi har middels lave kostymekrav. For \u00e5 kunne skille tydelig mellom grupperingene ber vi om at spillerne holder seg til de snitt og farger som tilh\u00f8rer rollens kultur. V\u00e5r erfaring tilsier dog at laivere generelt m\u00f8ter h\u00f8ye kostymekrav i praksis. Kostymet skal ikke v\u00e6re \u00e5rsaken til at noen f\u00f8ler de ikke kan delta p\u00e5 laiven. Ikke v\u00e6r redd for \u00e5 sp\u00f8rre om tips, r\u00e5d og hjelp fra arrang\u00f8rer og medspillere.&nbsp;<\/p>\n\n\n\n<p>Laivgarderoben har allerede store mengder kostymer som passer til de ulike kulturene, som vi gjerne vil se brukt p\u00e5 laiven, og vi kommer til \u00e5 tilby mulighet til \u00e5 leie eller kj\u00f8pe kostymer, helt eller delvis.&nbsp;<\/p>\n\n\n\n<p>Vi har ogs\u00e5 laget <a href=\"https:\/\/no.pinterest.com\/magisklaiv\/ravnaverden\/\">pinterest-tavler<\/a> for hver kultur for \u00e5 illustrere stilene. Veldig mange av stilene kan skapes med enkle grep og bruk av bruktbutikker, egne klesskap og laivmilj\u00f8ets mange ressurser.&nbsp;<\/p>\n\n\n\n<p><strong>Vi forventer at spillerne:<\/strong><strong><br><\/strong>&#8211; Har lyst til \u00e5 spille innenfor rammene av laiven.<br>&#8211; Leser informasjon som blir gjort tilgjengelig.<br>&#8211; Setter seg inn i rolle og relasjoner.<br>&#8211; Svarer p\u00e5 henvendelser fra arrang\u00f8rene innen rimelig tid (4-5 dager).<br>&#8211; Overholder frister for betaling og tilbakemeldinger.<br>&#8211; Stiller p\u00e5 laivstedet i tide, forberedt, med et minimum av kostyme og det utstyr som trengs<br>&#8211; Kontakter oss dersom noe er uklart. Vi avklarer gjerne!<\/p>\n\n\n\n<p><strong>Spillerne kan forvente at arrang\u00f8rene<\/strong>:<br>&#8211; tilgjengeliggj\u00f8r all relevant informasjon for at man kan utstyre seg og spille innenfor laivens rammer.<br>&#8211; svarer p\u00e5 henvendelser innen rimelig tid.<br>&#8211; gir god veiledning ift utstyr og kostymer. (Det finnes masse \u00e5 l\u00e5ne.)<br>&#8211; tilrettelegger s\u00e5 langt det lar seg gj\u00f8re.<\/p>\n","protected":false},"excerpt":{"rendered":"<p>Magisk Laivs retningslinjer, som gjelder for v\u00e5re laiver. Lesbarhet, informasjon og kommunikasjon: Det forventes at alle leser deltakerinfo som legges i spillermappe, og rolledokumentet sitt. Dette skal v\u00e6re tilstrekkelig til \u00e5 kunne kjenne rammene for spillet, spille karakteren sin troverdig, og representere den kulturen karakteren kommer fra. Briefing: Vi forventer at folk har satt seg [&hellip;]<\/p>\n","protected":false},"author":1,"featured_media":0,"parent":0,"menu_order":0,"comment_status":"closed","ping_status":"closed","template":"","meta":{"footnotes":""},"class_list":["post-14","page","type-page","status-publish","hentry"],"_links":{"self":[{"href":"https:\/\/magisklaiv.org\/Ravnlaiv\/wp-json\/wp\/v2\/pages\/14","targetHints":{"allow":["GET"]}}],"collection":[{"href":"https:\/\/magisklaiv.org\/Ravnlaiv\/wp-json\/wp\/v2\/pages"}],"about":[{"href":"https:\/\/magisklaiv.org\/Ravnlaiv\/wp-json\/wp\/v2\/types\/page"}],"author":[{"embeddable":true,"href":"https:\/\/magisklaiv.org\/Ravnlaiv\/wp-json\/wp\/v2\/users\/1"}],"replies":[{"embeddable":true,"href":"https:\/\/magisklaiv.org\/Ravnlaiv\/wp-json\/wp\/v2\/comments?post=14"}],"version-history":[{"count":6,"href":"https:\/\/magisklaiv.org\/Ravnlaiv\/wp-json\/wp\/v2\/pages\/14\/revisions"}],"predecessor-version":[{"id":31,"href":"https:\/\/magisklaiv.org\/Ravnlaiv\/wp-json\/wp\/v2\/pages\/14\/revisions\/31"}],"wp:attachment":[{"href":"https:\/\/magisklaiv.org\/Ravnlaiv\/wp-json\/wp\/v2\/media?parent=14"}],"curies":[{"name":"wp","href":"https:\/\/api.w.org\/{rel}","templated":true}]}}