{"id":28,"date":"2026-02-04T10:55:40","date_gmt":"2026-02-04T10:55:40","guid":{"rendered":"https:\/\/magisklaiv.org\/Ravnlaiv\/?page_id=28"},"modified":"2026-02-06T19:34:16","modified_gmt":"2026-02-06T19:34:16","slug":"praktisk-informasjon-dgb","status":"publish","type":"page","link":"https:\/\/magisklaiv.org\/Ravnlaiv\/den-gyldne-bankett\/praktisk-informasjon-dgb\/","title":{"rendered":"Praktisk informasjon dGB"},"content":{"rendered":"\n<p>24. oktober 2026. Kl 10.55-23.15<\/p>\n\n\n\n<p>Vestby Presteg\u00e5rd. Det er rikelig med parkeringsplass ved lokalet. Det er ca 15 minutter \u00e5 g\u00e5 fra Vestby Togstasjon.<\/p>\n\n\n\n<p>30-70 spillere. P\u00e5meldingen er \u00e5pen for alle. Personer under 16 m\u00e5 ha en utnevnt verge.<\/p>\n\n\n\n<p><strong>Pris<\/strong>:<br>500,- inkl. lunsj, bankettbuffet og rosett-b\u00e5nd.<br>Det er mulig \u00e5 kj\u00f8pe sponsorbillett, og p\u00e5 den m\u00e5ten subsidiere billetter for andre.<br>Det er ogs\u00e5 10 billetter til 250,- til de som er med og rigger fredag 16-20.<\/p>\n\n\n\n<figure class=\"wp-block-image size-large is-resized\"><img loading=\"lazy\" decoding=\"async\" width=\"796\" height=\"1024\" src=\"https:\/\/magisklaiv.org\/Ravnlaiv\/wp-content\/uploads\/2026\/02\/dreamstimemaximum_320433957-796x1024.jpg\" alt=\"\" class=\"wp-image-55\" style=\"aspect-ratio:0.7777819648038587;width:304px;height:auto\" srcset=\"https:\/\/magisklaiv.org\/Ravnlaiv\/wp-content\/uploads\/2026\/02\/dreamstimemaximum_320433957-796x1024.jpg 796w, https:\/\/magisklaiv.org\/Ravnlaiv\/wp-content\/uploads\/2026\/02\/dreamstimemaximum_320433957-233x300.jpg 233w, https:\/\/magisklaiv.org\/Ravnlaiv\/wp-content\/uploads\/2026\/02\/dreamstimemaximum_320433957-768x987.jpg 768w, https:\/\/magisklaiv.org\/Ravnlaiv\/wp-content\/uploads\/2026\/02\/dreamstimemaximum_320433957-1195x1536.jpg 1195w, https:\/\/magisklaiv.org\/Ravnlaiv\/wp-content\/uploads\/2026\/02\/dreamstimemaximum_320433957-1593x2048.jpg 1593w, https:\/\/magisklaiv.org\/Ravnlaiv\/wp-content\/uploads\/2026\/02\/dreamstimemaximum_320433957-scaled.jpg 1991w\" sizes=\"auto, (max-width: 796px) 100vw, 796px\" \/><\/figure>\n\n\n\n<h2 class=\"wp-block-heading\"><strong>Rollearbeid<\/strong>:<\/h2>\n\n\n\n<p>Man kan lage sin egen karakter innenfor rammene av universet, eller man f\u00e5r en kort rolle som beskriver personlighet, bakgrunn og relasjoner.<\/p>\n\n\n\n<p>Man kan forme rollen mye selv og velge om man vil ha dype akademiske samtaler, personlige konflikter, relasjonelle intriger og drama, hemmelig agenda eller bare v\u00e6re ute etter en god fest.<\/p>\n\n\n\n<p>Ravnaverden er et univers som er lite opptatt av kj\u00f8nn, man kan velge hvilket kj\u00f8nn man vil spille, eller spille ukj\u00f8nnet.<\/p>\n\n\n\n<p><strong>Vi presiserer at man ikke m\u00e5 kunne mye om verden eller andre ting for \u00e5 spille denne laiven.<\/strong><\/p>\n\n\n\n<p>I p\u00e5meldingsskjemaet skal du oppgi temaer og ting du vil spille p\u00e5, blant annet akademia og politikk. <br>Dette er en fantasiverden, og Universitetet har mange fantastiske fag. Man trenger ikke kunne noe om noe for \u00e5 spille akademiker, det er bare \u00e5 finne p\u00e5 fjasefag og tulleinformasjon \ud83d\ude42<\/p>\n\n\n\n<p>Man trenger ikke v\u00e6re en god leder for \u00e5 spille en lederskikkelse. Tvert imot er det kjempeg\u00f8y om fakultetslederen er en dott.<\/p>\n\n\n\n<h2 class=\"wp-block-heading\"><strong>Kostymer<\/strong>:<\/h2>\n\n\n\n<p>Lave kostymekrav. Hver kultur har sine distinkte farger, men det er en fest og alle karakterene har kledd seg i sitt aller beste t\u00f8y. Vi vil se festlige antrekk i alle varianter. Kom i kaftan, eller grav frem din mest glitrende ballkjole.<\/p>\n\n\n\n<p>Ravnaverden er sv\u00e6rt like kj\u00f8nnet, v\u00e6r kreativ \ud83d\ude42<\/p>\n\n\n\n<p>Laivgarderoben har UTROLIG MYE passende antrekk som vi veldig gjerne vil l\u00e5ne ut \ud83d\ude42<\/p>\n\n\n\n<p>Se mer under <a href=\"https:\/\/magisklaiv.org\/Ravnlaiv\/den-gyldne-bankett\/kostymer\/\" data-type=\"page\" data-id=\"85\">Kostymer<\/a><\/p>\n\n\n\n<h2 class=\"wp-block-heading\"><strong>P\u00e5 laiven:<\/strong><\/h2>\n\n\n\n<p>Studentene som skal f\u00e5 rosett skal lese oppgavene sine. Dette skal v\u00e6re korte oppgaver om tullefag p\u00e5 universitetet. Man kan skrive sin egen oppgave, eller f\u00e5 utdelt en fra oss.<br>Vi \u00f8nsker at folk skal h\u00f8re p\u00e5 oppgavene, men det blir en \u00e5pen l\u00f8sning der man kan g\u00e5 litt til og fra.<\/p>\n\n\n\n<p>Det blir noen enkle danser. Banketten skal \u00e5pne med en polonese (g\u00e5 i rekke) som vi \u00f8nsker at alle skal v\u00e6re med p\u00e5, ellers er det sterkt oppfordret til \u00e5 delta i dans, men ingen tvang.<\/p>\n\n\n\n<p>Det vil bli servert en overd\u00e5dig bankett-buffet med fingermat. <br>Det kan tilrettelegges noe for allergier og andre kostholdsbehov.<\/p>\n\n\n\n<h2 class=\"wp-block-heading\"><strong>Bilder:<\/strong><\/h2>\n\n\n\n<p>Laiven vil ha designerte fotografer og en selfie-stasjon. Utover dette er det ikke tillatt \u00e5 ta bilder av andre, eller \u00e5 fotografere i spillomr\u00e5det. (Ikke tillatt med mobiltelefoner).<\/p>\n","protected":false},"excerpt":{"rendered":"<p>24. oktober 2026. Kl 10.55-23.15 Vestby Presteg\u00e5rd. Det er rikelig med parkeringsplass ved lokalet. Det er ca 15 minutter \u00e5 g\u00e5 fra Vestby Togstasjon. 30-70 spillere. P\u00e5meldingen er \u00e5pen for alle. Personer under 16 m\u00e5 ha en utnevnt verge. Pris:500,- inkl. lunsj, bankettbuffet og rosett-b\u00e5nd.Det er mulig \u00e5 kj\u00f8pe sponsorbillett, og p\u00e5 den m\u00e5ten subsidiere [&hellip;]<\/p>\n","protected":false},"author":1,"featured_media":0,"parent":8,"menu_order":0,"comment_status":"closed","ping_status":"closed","template":"","meta":{"footnotes":""},"class_list":["post-28","page","type-page","status-publish","hentry"],"_links":{"self":[{"href":"https:\/\/magisklaiv.org\/Ravnlaiv\/wp-json\/wp\/v2\/pages\/28","targetHints":{"allow":["GET"]}}],"collection":[{"href":"https:\/\/magisklaiv.org\/Ravnlaiv\/wp-json\/wp\/v2\/pages"}],"about":[{"href":"https:\/\/magisklaiv.org\/Ravnlaiv\/wp-json\/wp\/v2\/types\/page"}],"author":[{"embeddable":true,"href":"https:\/\/magisklaiv.org\/Ravnlaiv\/wp-json\/wp\/v2\/users\/1"}],"replies":[{"embeddable":true,"href":"https:\/\/magisklaiv.org\/Ravnlaiv\/wp-json\/wp\/v2\/comments?post=28"}],"version-history":[{"count":7,"href":"https:\/\/magisklaiv.org\/Ravnlaiv\/wp-json\/wp\/v2\/pages\/28\/revisions"}],"predecessor-version":[{"id":116,"href":"https:\/\/magisklaiv.org\/Ravnlaiv\/wp-json\/wp\/v2\/pages\/28\/revisions\/116"}],"up":[{"embeddable":true,"href":"https:\/\/magisklaiv.org\/Ravnlaiv\/wp-json\/wp\/v2\/pages\/8"}],"wp:attachment":[{"href":"https:\/\/magisklaiv.org\/Ravnlaiv\/wp-json\/wp\/v2\/media?parent=28"}],"curies":[{"name":"wp","href":"https:\/\/api.w.org\/{rel}","templated":true}]}}