{"id":47,"date":"2026-02-04T12:28:36","date_gmt":"2026-02-04T12:28:36","guid":{"rendered":"https:\/\/magisklaiv.org\/Ravnlaiv\/?page_id=47"},"modified":"2026-02-04T12:32:31","modified_gmt":"2026-02-04T12:32:31","slug":"pamelding","status":"publish","type":"page","link":"https:\/\/magisklaiv.org\/Ravnlaiv\/den-gyldne-bankett\/pamelding\/","title":{"rendered":"P\u00e5melding"},"content":{"rendered":"\n<p><a href=\"https:\/\/docs.google.com\/forms\/d\/e\/1FAIpQLScWP24nFEHcRVHvG-wzwQvayTKqk0uCxE2lDBq1nQ_C01JnVg\/viewform?usp=header\">P\u00e5meldingsskjema<\/a><\/p>\n\n\n\n<p>Lese informasjon om settingen f\u00f8r du fyller ut skjemaet.<\/p>\n\n\n\n<p>Du trenger ikke skrive mye i p\u00e5meldingen, men det er lettere for oss \u00e5 skrive en rolle som passer deg hvis du er konkret om hva du \u00f8nsker deg.<\/p>\n\n\n\n<p>Hvis du vil skrive din egen rolle m\u00e5 den sendes inn innen 10. oktober, s\u00e5 vi kan lese gjennom den og koble den til resten av rollegalleriet.<\/p>\n","protected":false},"excerpt":{"rendered":"<p>P\u00e5meldingsskjema Lese informasjon om settingen f\u00f8r du fyller ut skjemaet. Du trenger ikke skrive mye i p\u00e5meldingen, men det er lettere for oss \u00e5 skrive en rolle som passer deg hvis du er konkret om hva du \u00f8nsker deg. Hvis du vil skrive din egen rolle m\u00e5 den sendes inn innen 10. oktober, s\u00e5 vi [&hellip;]<\/p>\n","protected":false},"author":1,"featured_media":0,"parent":8,"menu_order":0,"comment_status":"closed","ping_status":"closed","template":"","meta":{"footnotes":""},"class_list":["post-47","page","type-page","status-publish","hentry"],"_links":{"self":[{"href":"https:\/\/magisklaiv.org\/Ravnlaiv\/wp-json\/wp\/v2\/pages\/47","targetHints":{"allow":["GET"]}}],"collection":[{"href":"https:\/\/magisklaiv.org\/Ravnlaiv\/wp-json\/wp\/v2\/pages"}],"about":[{"href":"https:\/\/magisklaiv.org\/Ravnlaiv\/wp-json\/wp\/v2\/types\/page"}],"author":[{"embeddable":true,"href":"https:\/\/magisklaiv.org\/Ravnlaiv\/wp-json\/wp\/v2\/users\/1"}],"replies":[{"embeddable":true,"href":"https:\/\/magisklaiv.org\/Ravnlaiv\/wp-json\/wp\/v2\/comments?post=47"}],"version-history":[{"count":2,"href":"https:\/\/magisklaiv.org\/Ravnlaiv\/wp-json\/wp\/v2\/pages\/47\/revisions"}],"predecessor-version":[{"id":51,"href":"https:\/\/magisklaiv.org\/Ravnlaiv\/wp-json\/wp\/v2\/pages\/47\/revisions\/51"}],"up":[{"embeddable":true,"href":"https:\/\/magisklaiv.org\/Ravnlaiv\/wp-json\/wp\/v2\/pages\/8"}],"wp:attachment":[{"href":"https:\/\/magisklaiv.org\/Ravnlaiv\/wp-json\/wp\/v2\/media?parent=47"}],"curies":[{"name":"wp","href":"https:\/\/api.w.org\/{rel}","templated":true}]}}