{"id":67,"date":"2026-02-06T12:07:23","date_gmt":"2026-02-06T12:07:23","guid":{"rendered":"https:\/\/magisklaiv.org\/Ravnlaiv\/?page_id=67"},"modified":"2026-02-06T12:18:11","modified_gmt":"2026-02-06T12:18:11","slug":"ryohti","status":"publish","type":"page","link":"https:\/\/magisklaiv.org\/Ravnlaiv\/folkegrupper-i-ravnaverden\/ryohti\/","title":{"rendered":"Ryohti"},"content":{"rendered":"\n<div class=\"wp-block-group alignfull is-style-section-1 has-global-padding is-layout-constrained wp-container-core-group-is-layout-cdf985e3 wp-block-group-is-layout-constrained is-style-section-1--1\" style=\"min-height:100vh;margin-top:0;margin-bottom:0;padding-top:var(--wp--preset--spacing--80);padding-right:var(--wp--preset--spacing--80);padding-bottom:var(--wp--preset--spacing--80);padding-left:var(--wp--preset--spacing--80)\">\n<div class=\"wp-block-columns alignwide are-vertically-aligned-center is-layout-flex wp-container-core-columns-is-layout-643ced6b wp-block-columns-is-layout-flex\">\n<div class=\"wp-block-column is-vertically-aligned-center is-layout-flow wp-block-column-is-layout-flow\">\n<div class=\"wp-block-group is-vertical is-content-justification-stretch is-layout-flex wp-container-core-group-is-layout-353c4f5a wp-block-group-is-layout-flex\">\n<p class=\"has-text-align-left\"><strong>Innbyggertall<\/strong>: 370.000<\/p>\n\n\n\n<p><strong>Beliggenhet: <\/strong>Rahemet-\u00f8yene nord for det maanske fastlandet.<\/p>\n\n\n\n<p><strong>Klima: <\/strong>Middels til kj\u00f8lig temperert klima. V\u00e6ret er ganske ustadig p\u00e5 \u00f8yene, og temperaturen varierer kraftig. Det bl\u00e5ser nesten alltid en vind vestfra, og stormer er vanlig.<\/p>\n\n\n\n<p><strong>Styreform<\/strong>: Matriarkalsk Republikk. Et permanent r\u00e5d av landsby- og arbeidsledere kalt \u00d8yr\u00e5det velger en konsul hvert tiende \u00e5r. Konsulen leder r\u00e5det i alle saker unntatt valget av ny konsul.<\/p>\n\n\n\n<p><strong>Spr\u00e5k: <\/strong>Ryohtisk, et spr\u00e5k som likner en del p\u00e5 nord-corviske spr\u00e5k som byrdisk og taarisk. Det er ikke beslektet med andre maanske spr\u00e5k.<\/p>\n\n\n\n<p><strong>Livsgrunnlag<\/strong>: Ryohtiene har fokus p\u00e5 havet og naturressursene der. T\u00f8mmer, fisk, skipstransport. Har p\u00e5 kort tid blitt en viktig akt\u00f8r i internasjonal handel. Ryohti, Eidaland og Fandria har nylig formulert en permanent avtale om \u00e5pen handel og samarbeid om oppdagelser p\u00e5 havet.<\/p>\n\n\n\n<p><strong>Valuta<\/strong>: Fandriske mezen.<\/p>\n\n\n\n<p><strong>Religion<\/strong>: \u00c1rbevierru, bokstavelig oversatt \u201ctradisjon\u201d, der man \u00e6rer stammenes dyretotemer. Ryohtiene regner dette ikke som religion.<\/p>\n\n\n\n<p><strong>Kj\u00f8nnsroller<\/strong>: Sterkt matriarkalsk, se p\u00e5 de mest mannsdominerte samfunnene i \u201cv\u00e5r\u201d verden og snu det p\u00e5 hodet.<\/p>\n\n\n\n<p>Kulturen domineres av kvinner. Voksne kvinner danner familier med \u00e9n til tre menn, der alle barna vokser opp med alle de voksne som foreldre, uansett farskap. Utenomekteskapelige forhold er regnet som skamfulle, men ikke ulovlige, skj\u00f8nt utro menn har en tendens til \u00e5 ende opp som ufrivillige medlemmer av landets milit\u00e6rstyrke.<\/p>\n\n\n\n<p>Seksuell omgang mellom kvinner er uvanlig, mens seksuell omgang mellom menn i samme familie (alts\u00e5 gift med samme kvinne) er forventet og vanlig. Ryohtier er ofte ganske \u00e5pne om sin seksualitet og sine drifter, og bruker seksualitet aktivt for \u00e5 finne seg partnere.<\/p>\n\n\n\n<p>Kvinner dominerer samfunnet, og har det meste av makten ogs\u00e5 i familien.&nbsp;<\/p>\n\n\n\n<p><strong>Forventet levetid: <\/strong>78 \u00e5r for kvinner, 81 \u00e5r for menn. Forskjellen kommer for det meste av yrkesvalg &#8211; kvinnene velger oftere harde, farlige leveveier som havfiske og skipsbygging.<\/p>\n\n\n\n<p>Ryohtier er kjent for \u00e5 v\u00e6re sindige og rolige p\u00e5 overflaten, men oppfarende og impulsive innerst inne. Denne kombinasjonen kan gi interessante overraskelser til utlendinger&#8230;<\/p>\n\n\n\n<p><strong>Klesdrakt:<\/strong><\/p>\n\n\n\n<p>Byggingen av ryohtisk samfunnskultur har hentet inspirasjon fra blant annet samene, derfor brukes prim\u00e6rfargene r\u00f8d, gul og bl\u00e5.<\/p>\n\n\n\n<p>Snittet er inspirert av skandinavisk 1700-tall\/Festdrakt\/bunad<\/p>\n\n\n\n<p>Herrer: Jakke, vest, skjorte, knebukse, str\u00f8mper.&nbsp;<\/p>\n\n\n\n<p>Damer: Skj\u00f8rt, liv (vest), jakke, bluse\/skjorte, eller hel kjole. <\/p>\n\n\n\n<p>Alle: Hvite ornamenter, dekor og tilbeh\u00f8r (blonder, perler o.l.) dersom rollen har r\u00e5d til slikt.<\/p>\n\n\n\n<p>Hodeplagg: Trikorn, tallerkenhatter og alt det rare 1700-tallet kan by p\u00e5.<\/p>\n\n\n\n<p>Farger: Klare, sterke prim\u00e6rfarger. <\/p>\n<\/div>\n<\/div>\n<\/div>\n<\/div>\n","protected":false},"excerpt":{"rendered":"<p>Innbyggertall: 370.000 Beliggenhet: Rahemet-\u00f8yene nord for det maanske fastlandet. Klima: Middels til kj\u00f8lig temperert klima. V\u00e6ret er ganske ustadig p\u00e5 \u00f8yene, og temperaturen varierer kraftig. Det bl\u00e5ser nesten alltid en vind vestfra, og stormer er vanlig. Styreform: Matriarkalsk Republikk. Et permanent r\u00e5d av landsby- og arbeidsledere kalt \u00d8yr\u00e5det velger en konsul hvert tiende \u00e5r. Konsulen [&hellip;]<\/p>\n","protected":false},"author":1,"featured_media":0,"parent":83,"menu_order":0,"comment_status":"closed","ping_status":"closed","template":"","meta":{"footnotes":""},"class_list":["post-67","page","type-page","status-publish","hentry"],"_links":{"self":[{"href":"https:\/\/magisklaiv.org\/Ravnlaiv\/wp-json\/wp\/v2\/pages\/67","targetHints":{"allow":["GET"]}}],"collection":[{"href":"https:\/\/magisklaiv.org\/Ravnlaiv\/wp-json\/wp\/v2\/pages"}],"about":[{"href":"https:\/\/magisklaiv.org\/Ravnlaiv\/wp-json\/wp\/v2\/types\/page"}],"author":[{"embeddable":true,"href":"https:\/\/magisklaiv.org\/Ravnlaiv\/wp-json\/wp\/v2\/users\/1"}],"replies":[{"embeddable":true,"href":"https:\/\/magisklaiv.org\/Ravnlaiv\/wp-json\/wp\/v2\/comments?post=67"}],"version-history":[{"count":1,"href":"https:\/\/magisklaiv.org\/Ravnlaiv\/wp-json\/wp\/v2\/pages\/67\/revisions"}],"predecessor-version":[{"id":68,"href":"https:\/\/magisklaiv.org\/Ravnlaiv\/wp-json\/wp\/v2\/pages\/67\/revisions\/68"}],"up":[{"embeddable":true,"href":"https:\/\/magisklaiv.org\/Ravnlaiv\/wp-json\/wp\/v2\/pages\/83"}],"wp:attachment":[{"href":"https:\/\/magisklaiv.org\/Ravnlaiv\/wp-json\/wp\/v2\/media?parent=67"}],"curies":[{"name":"wp","href":"https:\/\/api.w.org\/{rel}","templated":true}]}}