{"id":70,"date":"2026-02-06T12:08:31","date_gmt":"2026-02-06T12:08:31","guid":{"rendered":"https:\/\/magisklaiv.org\/Ravnlaiv\/?page_id=70"},"modified":"2026-02-06T12:17:51","modified_gmt":"2026-02-06T12:17:51","slug":"ectinia","status":"publish","type":"page","link":"https:\/\/magisklaiv.org\/Ravnlaiv\/folkegrupper-i-ravnaverden\/ectinia\/","title":{"rendered":"Ectinia"},"content":{"rendered":"\n<p><strong>Innbyggertall: <\/strong>280.000.<\/p>\n\n\n\n<p><strong>Beliggenhet: <\/strong>S\u00f8rvest p\u00e5 det maanske kontinentet.<\/p>\n\n\n\n<p><strong>Klima: <\/strong>Temperert, fra kalde fjorder i s\u00f8r til varm l\u00f8vskog i nord.<\/p>\n\n\n\n<p><strong>Styreform: <\/strong>Monarki ledet av Regent Nub\u2019char med st\u00f8tte fra et adelig r\u00e5d. Kongefamilien, som har ledet nasjonen i \u00e5rhundrer, best\u00e5r imidlertid n\u00e5 bare av ett medlem, ti \u00e5r gamle Nubchar, etter at hens foreldre omkom i et skipsforlis for fem \u00e5r siden.<\/p>\n\n\n\n<p><strong>Spr\u00e5k: <\/strong>Uxmara, med mindre lommer av ciunnisk og iki-kiri.<\/p>\n\n\n\n<p><strong>Livsgrunnlag: <\/strong>Jordbruk, gruvedrift, sj\u00f8transport og luksusvarer. Har i l\u00f8pet av de siste \u00e5rene blitt stadig mer orientert rundt handel, og fors\u00f8ker \u00e5 dominere skipsfarten p\u00e5 vestsiden av Maan.<\/p>\n\n\n\n<p><strong>Valuta: <\/strong>Zala. Denne ble nylig bundet mot fandriske mezen &#8211; det g\u00e5r tre zala p\u00e5 \u00e9n mezen.<\/p>\n\n\n\n<p><strong>Religion: <\/strong>Landet fortsatte \u00e5 \u00e6re Elana lenge etter hennes d\u00f8d, men er n\u00e5 i ferd med \u00e5 vende seg mot iniy, som handler om \u00e5 f\u00f8lge inspirasjon fra mektige \u00e5nder for \u00e5 oppn\u00e5 personlig balanse.<\/p>\n\n\n\n<p><strong>Kj\u00f8nnsroller: <\/strong>I prinsippet full likestilling, skj\u00f8nt arvelovene er formulert slik at alle (adelige) provinsledere er kvinner.<\/p>\n\n\n\n<p><strong>Forventet levetid: <\/strong>Rundt 85 \u00e5r for begge kj\u00f8nn.<\/p>\n\n\n\n<p><strong>Historie: <\/strong>Ectinia er en gammel nasjon som har v\u00e6rt selvstendig i hundrevis av \u00e5r. Monarkiet ble etablert etter at jordbrukerne langs kysten ble omvendt til Elana-tilbedelse p\u00e5 400-tallet. Landet ble redusert til omtrent to tredeler av sin opprinnelige st\u00f8rrelse under den samaranske invasjonen av kontinentet for snart 200 \u00e5r siden, men har klart seg fint. I moderne tid er Ectinia et av de rikeste og mest stabile landene i Maan, og har v\u00e6rt sentralt i arbeidet for \u00e5 bygge vennskap og samarbeid p\u00e5 den s\u00f8rlige delen av kontinentet. Forholdet til Ryohti ble styrket av at adelsmannen Suru\u2019chen giftet seg med den ryohtiske diplomaten L\u00e1vr\u00e1 Duottar for et par \u00e5r siden, og de to nasjonene samarbeider tett om handel og sikkerhet langs Maans vestkyst.<\/p>\n\n\n\n<p><strong>Klesdrakt:<\/strong><\/p>\n\n\n\n<p>Ectinsk klesstil er pomp\u00f8s og j\u00e5lete.<br>Alle kj\u00f8nn kan bruke alle slags antrekk. Mye blonder.<\/p>\n\n\n\n<p>Inspirert av fransk adelig 1700-talls stil, med nikkers eller ankelkorte skj\u00f8rt, knestr\u00f8mper og litt fastere jakker. (Kan gjerne bruke bunadsko)<\/p>\n\n\n\n<p>Hodeplagg: Tricorn med Fj\u00e6r, Strikket enkel lue (typ voyageur hat, bunadslue), ofte lilla, eller store frisyrer pyntet med lilla (fj\u00e6r, sl\u00f8yfer o.l.)<\/p>\n\n\n\n<p>Farger: Bl\u00e5toner, hvitt<\/p>\n","protected":false},"excerpt":{"rendered":"<p>Innbyggertall: 280.000. Beliggenhet: S\u00f8rvest p\u00e5 det maanske kontinentet. Klima: Temperert, fra kalde fjorder i s\u00f8r til varm l\u00f8vskog i nord. Styreform: Monarki ledet av Regent Nub\u2019char med st\u00f8tte fra et adelig r\u00e5d. Kongefamilien, som har ledet nasjonen i \u00e5rhundrer, best\u00e5r imidlertid n\u00e5 bare av ett medlem, ti \u00e5r gamle Nubchar, etter at hens foreldre omkom [&hellip;]<\/p>\n","protected":false},"author":1,"featured_media":0,"parent":83,"menu_order":0,"comment_status":"closed","ping_status":"closed","template":"","meta":{"footnotes":""},"class_list":["post-70","page","type-page","status-publish","hentry"],"_links":{"self":[{"href":"https:\/\/magisklaiv.org\/Ravnlaiv\/wp-json\/wp\/v2\/pages\/70","targetHints":{"allow":["GET"]}}],"collection":[{"href":"https:\/\/magisklaiv.org\/Ravnlaiv\/wp-json\/wp\/v2\/pages"}],"about":[{"href":"https:\/\/magisklaiv.org\/Ravnlaiv\/wp-json\/wp\/v2\/types\/page"}],"author":[{"embeddable":true,"href":"https:\/\/magisklaiv.org\/Ravnlaiv\/wp-json\/wp\/v2\/users\/1"}],"replies":[{"embeddable":true,"href":"https:\/\/magisklaiv.org\/Ravnlaiv\/wp-json\/wp\/v2\/comments?post=70"}],"version-history":[{"count":1,"href":"https:\/\/magisklaiv.org\/Ravnlaiv\/wp-json\/wp\/v2\/pages\/70\/revisions"}],"predecessor-version":[{"id":71,"href":"https:\/\/magisklaiv.org\/Ravnlaiv\/wp-json\/wp\/v2\/pages\/70\/revisions\/71"}],"up":[{"embeddable":true,"href":"https:\/\/magisklaiv.org\/Ravnlaiv\/wp-json\/wp\/v2\/pages\/83"}],"wp:attachment":[{"href":"https:\/\/magisklaiv.org\/Ravnlaiv\/wp-json\/wp\/v2\/media?parent=70"}],"curies":[{"name":"wp","href":"https:\/\/api.w.org\/{rel}","templated":true}]}}