{"id":72,"date":"2026-02-06T12:09:10","date_gmt":"2026-02-06T12:09:10","guid":{"rendered":"https:\/\/magisklaiv.org\/Ravnlaiv\/?page_id=72"},"modified":"2026-02-06T12:18:26","modified_gmt":"2026-02-06T12:18:26","slug":"xopimeri","status":"publish","type":"page","link":"https:\/\/magisklaiv.org\/Ravnlaiv\/folkegrupper-i-ravnaverden\/xopimeri\/","title":{"rendered":"Xopimeri"},"content":{"rendered":"\n<p><strong>Innbyggertall: <\/strong>1,34 millioner. Landets folketall ble nylig mangedoblet av at grensene flyttet seg.<\/p>\n\n\n\n<p><strong>Beliggenhet: <\/strong>Inne i landet i det s\u00f8rlige Maan.<\/p>\n\n\n\n<p><strong>Klima: <\/strong>Varmt temperert skog til subtropisk jungel-klima.<\/p>\n\n\n\n<p><strong>Styreform: <\/strong>Oligarkisk republikk ledet av et stort r\u00e5d best\u00e5ende av flere hundre oligarker som m\u00f8tes jevnlig i Domen, en sv\u00e6r r\u00e5dshall i hovedstaden Tzeri.<\/p>\n\n\n\n<p><strong>Spr\u00e5k: <\/strong>Uxmara.<\/p>\n\n\n\n<p><strong>Livsgrunnlag: <\/strong>Skogdrift, salg av eksotisk frukt, magiske tjenester og -gjenstander.<\/p>\n\n\n\n<p><strong>Valuta: <\/strong>Fandriske mezen.<\/p>\n\n\n\n<p><strong>Religion: <\/strong>Iniy, en mystisistisk filosofi som handler om \u00e5 oppn\u00e5 balanse blant annet ved \u00e5 \u00e6re mektige \u00e5nder.<\/p>\n\n\n\n<p><strong>Kj\u00f8nnsroller: <\/strong>Full likestilling mellom alle kj\u00f8nn. Xopier er generelt lite opptatt av kj\u00f8nnsforskjeller.<\/p>\n\n\n\n<p><strong>Forventet levetid: <\/strong>Rundt 90 \u00e5r. Xopier er generelt uforskammet sunne.<\/p>\n\n\n\n<p>Republikken Xopimeri er Maans eldste kulturnasjon, og dominerte kontinentet f\u00f8r hegemoniet ble tatt over av Ciunna etter hvert som de Sannferdige spredte ordet om Elana til omtrent samtlige folkeslag. Da Samara invaderte Maan for 150 \u00e5r siden var Xopimeri fortsatt en betydelig nasjon, b\u00e5de i st\u00f8rrelse og kulturell viktighet, og store deler av det gamle riket ble erobret av sultanatet. Republikken ble redusert til en liten flik av det en gang s\u00e5 mektige riket, men etter at grensene flyttet seg for halvannet \u00e5rs tid siden har landet vokst til over det dobbelte. Xopiene f\u00f8ler seg som de naturlige lederne av den maanske folkesjela, har blant annet vekket sin gamle tro til live igjen, og arbeider for \u00e5 spre den s\u00e5kalte \u201cxopiske mytologien\u201d utover landegrensene. Xopiene er veldig akademiske av natur, og lar seg lett distrahere fra aktuelle problemstillinger av teoretiske sp\u00f8rsm\u00e5l.<\/p>\n\n\n\n<p><strong>Klesdrakt:<\/strong>Kj\u00f8nnsn\u00f8ytral stil, enkle plagg i jordfarger med en og annen detalj i lilla eller bl\u00e5tt. Ponchoer er vanlig.<br>Hodeplagg: Enkle, praktiske hodeplagg.<br>Farger: Jordfarger &#8211; brunt, gr\u00e5tt og gr\u00f8nt, men ofte med detaljer i de religi\u00f8se fargene lilla og bl\u00e5tt.<\/p>\n","protected":false},"excerpt":{"rendered":"<p>Innbyggertall: 1,34 millioner. Landets folketall ble nylig mangedoblet av at grensene flyttet seg. Beliggenhet: Inne i landet i det s\u00f8rlige Maan. Klima: Varmt temperert skog til subtropisk jungel-klima. Styreform: Oligarkisk republikk ledet av et stort r\u00e5d best\u00e5ende av flere hundre oligarker som m\u00f8tes jevnlig i Domen, en sv\u00e6r r\u00e5dshall i hovedstaden Tzeri. Spr\u00e5k: Uxmara. Livsgrunnlag: [&hellip;]<\/p>\n","protected":false},"author":1,"featured_media":0,"parent":83,"menu_order":0,"comment_status":"closed","ping_status":"closed","template":"","meta":{"footnotes":""},"class_list":["post-72","page","type-page","status-publish","hentry"],"_links":{"self":[{"href":"https:\/\/magisklaiv.org\/Ravnlaiv\/wp-json\/wp\/v2\/pages\/72","targetHints":{"allow":["GET"]}}],"collection":[{"href":"https:\/\/magisklaiv.org\/Ravnlaiv\/wp-json\/wp\/v2\/pages"}],"about":[{"href":"https:\/\/magisklaiv.org\/Ravnlaiv\/wp-json\/wp\/v2\/types\/page"}],"author":[{"embeddable":true,"href":"https:\/\/magisklaiv.org\/Ravnlaiv\/wp-json\/wp\/v2\/users\/1"}],"replies":[{"embeddable":true,"href":"https:\/\/magisklaiv.org\/Ravnlaiv\/wp-json\/wp\/v2\/comments?post=72"}],"version-history":[{"count":1,"href":"https:\/\/magisklaiv.org\/Ravnlaiv\/wp-json\/wp\/v2\/pages\/72\/revisions"}],"predecessor-version":[{"id":73,"href":"https:\/\/magisklaiv.org\/Ravnlaiv\/wp-json\/wp\/v2\/pages\/72\/revisions\/73"}],"up":[{"embeddable":true,"href":"https:\/\/magisklaiv.org\/Ravnlaiv\/wp-json\/wp\/v2\/pages\/83"}],"wp:attachment":[{"href":"https:\/\/magisklaiv.org\/Ravnlaiv\/wp-json\/wp\/v2\/media?parent=72"}],"curies":[{"name":"wp","href":"https:\/\/api.w.org\/{rel}","templated":true}]}}