{"id":76,"date":"2026-02-06T12:11:00","date_gmt":"2026-02-06T12:11:00","guid":{"rendered":"https:\/\/magisklaiv.org\/Ravnlaiv\/?page_id=76"},"modified":"2026-02-06T12:18:04","modified_gmt":"2026-02-06T12:18:04","slug":"khezia","status":"publish","type":"page","link":"https:\/\/magisklaiv.org\/Ravnlaiv\/folkegrupper-i-ravnaverden\/khezia\/","title":{"rendered":"Khezia"},"content":{"rendered":"\n<p><strong>Innbyggertall: <\/strong>1,2 millioner.<\/p>\n\n\n\n<p><strong>Beliggenhet: <\/strong>Lengst s\u00f8r i Khontica, mellom Fandria i vest og Samara i \u00f8st, og rett s\u00f8r for Rahel.<\/p>\n\n\n\n<p><strong>Hovedstad:<\/strong> El-Khez<\/p>\n\n\n\n<p><strong>Klima: <\/strong>Subtropisk til tropisk, \u00f8rken og halv\u00f8rken.<\/p>\n\n\n\n<p><strong>Styreform: <\/strong>Konged\u00f8mme, skj\u00f8nt det er uklart hva slags statsdannelse landet etterhvert blir. Det foreg\u00e5r diskusjoner om dette, og det har det gjort i snart fem \u00e5r. Forel\u00f8pig er den tidligere emiren Nuft-Shakh Ali esh-Shedim av Basr-al-Hemnet konge.<\/p>\n\n\n\n<p>Utenfra kan det se ut til at det er fullstendig anarki i Khezia, men ting g\u00e5r&nbsp; rolig og pragmatisk for seg &#8211; det kan se ut til at emiren styrer landet etter en slags konsensus, muligens etablert magisk. Khezere utenfor hjemlandet tilpasser seg de lokale skikkene, for det meste, skj\u00f8nt de har veldig klare meninger om hvordan magiske problemstillinger skal l\u00f8ses<\/p>\n\n\n\n<p><strong>Spr\u00e5k: <\/strong>Khezisk, en variant av fandrisk designet for \u00e5 v\u00e6re et spr\u00e5k for magikere.<\/p>\n\n\n\n<p><strong>Livsgrunnlag: <\/strong>Landet har begrensede naturressurser, men khezerne har langt flere magikere enn andre folkeslag, og nasjonen lever i stor grad av \u00e5 leie ut magikere og metafysikere til andre land.<\/p>\n\n\n\n<p><strong>Valuta: <\/strong>Fandriske mezen.<\/p>\n\n\n\n<p><strong>Religion og livssyn: <\/strong>Som folk er khezerne naturlig magiske &#8211; og f\u00e5 etablerte tradisjoner utenom den magiske sf\u00e6ren.<strong> <\/strong>Khezerne er veldig lite religi\u00f8se. En del Khezere har ogs\u00e5 f\u00e5tt sansen for Palantshe, utviklingen av den gamle Xopiske Inyi, som ikke egentlig anses som en religion, da den baserer seg p\u00e5 vitenskapelige funn.<\/p>\n\n\n\n<p><strong>Kj\u00f8nnsroller: <\/strong>Veldig varierende, men i prinsippet full likestilling. Det finnes ingen etablerte tabuer &#8211; alt er lov s\u00e5 lenge alle involverte samtykker.et kan synes som om magisk aktive individer foretrekker \u00e5 leve alene, skj\u00f8nt heller ikke det er noen absolutt regel.&nbsp;<\/p>\n\n\n\n<p><strong>Forventet levetid: <\/strong>Unormalt lang, for magi har en tendens til \u00e5 forlenge livet. I snitt lever khezere rundt 120 \u00e5r.<\/p>\n\n\n\n<p><strong>Historie: <\/strong>Khezia br\u00f8t ut fra det store sultanatet Samara for fem \u00e5r siden. Siden khezerne er s\u00e6rdeles kompetente magikere, var det ikke stort et allerede krigsherjet Samara kunne gj\u00f8re med saken. De neste fire \u00e5rene var de to landene formelt i krig, men det foregikk ingen krigshandlinger. Khezerne allierte seg med en rekke andre folkeslag som ogs\u00e5 var i oppr\u00f8r, og i fjor anerkjente Samara ganske overraskende Khezia som et selvstendig land. Khezia har fortsatt ikke klart \u00e5 ta noe valg om hva slags statsdannelse de skal ha, s\u00e5 det ligger vel an til at kongen forblir konge en stund til.<\/p>\n\n\n\n<p>Mange khezere lever fortsatt i Fandria og Fandrisk Ciunna.<\/p>\n\n\n\n<p><strong>Klesdrakt:<\/strong><\/p>\n\n\n\n<p>Fargerike m\u00f8nster, bohemsk, tyrkisk, afrikansk, l\u00f8st og ledig. Alle khezere b\u00e6rer et gult t\u00f8rkle som en del av antrekket. Snittet er ellers en kombinasjon av fandrisk og samaransk.<\/p>\n\n\n\n<p>Inspirert av mannlig indisk hoff-mote p\u00e5 1600-tallet.&nbsp;<\/p>\n\n\n\n<p>Kl\u00e6rne er gjerne sammensatt av flere m\u00f8nstre, men har monokrom fargepalett.&nbsp;<\/p>\n\n\n\n<p>Alle kj\u00f8nn bruker kjole, kjortel eller kaftan.<\/p>\n\n\n\n<p>Hodeplagg: Pilleeske<\/p>\n","protected":false},"excerpt":{"rendered":"<p>Innbyggertall: 1,2 millioner. Beliggenhet: Lengst s\u00f8r i Khontica, mellom Fandria i vest og Samara i \u00f8st, og rett s\u00f8r for Rahel. Hovedstad: El-Khez Klima: Subtropisk til tropisk, \u00f8rken og halv\u00f8rken. Styreform: Konged\u00f8mme, skj\u00f8nt det er uklart hva slags statsdannelse landet etterhvert blir. Det foreg\u00e5r diskusjoner om dette, og det har det gjort i snart fem [&hellip;]<\/p>\n","protected":false},"author":1,"featured_media":0,"parent":83,"menu_order":0,"comment_status":"closed","ping_status":"closed","template":"","meta":{"footnotes":""},"class_list":["post-76","page","type-page","status-publish","hentry"],"_links":{"self":[{"href":"https:\/\/magisklaiv.org\/Ravnlaiv\/wp-json\/wp\/v2\/pages\/76","targetHints":{"allow":["GET"]}}],"collection":[{"href":"https:\/\/magisklaiv.org\/Ravnlaiv\/wp-json\/wp\/v2\/pages"}],"about":[{"href":"https:\/\/magisklaiv.org\/Ravnlaiv\/wp-json\/wp\/v2\/types\/page"}],"author":[{"embeddable":true,"href":"https:\/\/magisklaiv.org\/Ravnlaiv\/wp-json\/wp\/v2\/users\/1"}],"replies":[{"embeddable":true,"href":"https:\/\/magisklaiv.org\/Ravnlaiv\/wp-json\/wp\/v2\/comments?post=76"}],"version-history":[{"count":1,"href":"https:\/\/magisklaiv.org\/Ravnlaiv\/wp-json\/wp\/v2\/pages\/76\/revisions"}],"predecessor-version":[{"id":77,"href":"https:\/\/magisklaiv.org\/Ravnlaiv\/wp-json\/wp\/v2\/pages\/76\/revisions\/77"}],"up":[{"embeddable":true,"href":"https:\/\/magisklaiv.org\/Ravnlaiv\/wp-json\/wp\/v2\/pages\/83"}],"wp:attachment":[{"href":"https:\/\/magisklaiv.org\/Ravnlaiv\/wp-json\/wp\/v2\/media?parent=76"}],"curies":[{"name":"wp","href":"https:\/\/api.w.org\/{rel}","templated":true}]}}