{"id":8,"date":"2025-10-29T18:36:50","date_gmt":"2025-10-29T18:36:50","guid":{"rendered":"https:\/\/magisklaiv.org\/Ravnlaiv\/?page_id=8"},"modified":"2026-02-12T14:41:13","modified_gmt":"2026-02-12T14:41:13","slug":"den-gyldne-bankett","status":"publish","type":"page","link":"https:\/\/magisklaiv.org\/Ravnlaiv\/den-gyldne-bankett\/","title":{"rendered":"Den gyldne bankett"},"content":{"rendered":"\n<p>Tradisjonen tro inviterer Universitetet i Khezia til \u00e5rets Gyldne Bankett.<\/p>\n\n\n\n<p>Sosieteten, akademikere, magikere, forskere og festglade folk kommer sammen for \u00e5 hylle det siste \u00e5rets oppdagelser og prestasjoner, spise god mat og feire.<\/p>\n\n\n\n<p>Studenter p\u00e5 Universitetet f\u00e5r utdelt sin rosett!<\/p>\n\n\n\n<figure class=\"wp-block-image aligncenter size-large\"><img loading=\"lazy\" decoding=\"async\" width=\"1024\" height=\"724\" src=\"https:\/\/magisklaiv.org\/Ravnlaiv\/wp-content\/uploads\/2026\/02\/12852-1-1024x724.png\" alt=\"\" class=\"wp-image-121\" srcset=\"https:\/\/magisklaiv.org\/Ravnlaiv\/wp-content\/uploads\/2026\/02\/12852-1-1024x724.png 1024w, https:\/\/magisklaiv.org\/Ravnlaiv\/wp-content\/uploads\/2026\/02\/12852-1-300x212.png 300w, https:\/\/magisklaiv.org\/Ravnlaiv\/wp-content\/uploads\/2026\/02\/12852-1-768x543.png 768w, https:\/\/magisklaiv.org\/Ravnlaiv\/wp-content\/uploads\/2026\/02\/12852-1-1536x1086.png 1536w, https:\/\/magisklaiv.org\/Ravnlaiv\/wp-content\/uploads\/2026\/02\/12852-1-2048x1448.png 2048w\" sizes=\"auto, (max-width: 1024px) 100vw, 1024px\" \/><\/figure>\n\n\n\n<hr class=\"wp-block-separator has-alpha-channel-opacity\"\/>\n\n\n\n<p><strong>Lavterskel<\/strong> deltagelse, middels fantasy, max moro &#8211; laiv<\/p>\n\n\n\n<p>24. oktober 2026. Kl 10.55-23.15<br>Vestby Presteg\u00e5rd. <br>30-70 spillere. P\u00e5meldingen er \u00e5pen for alle. Personer under 16 m\u00e5 ha en utnevnt verge.<\/p>\n\n\n\n<p>500,- inkl. lunsj, bankettbuffet og rosett-b\u00e5nd.<br>Mulighet for sponsorbillett, subsidiering og riggerabatt.<\/p>\n\n\n\n<p><strong>Settingen<\/strong>: Laiven er satt i Ravnaverden, men litt l\u00f8srevet fra andre steder og historier, s\u00e5 man trenger ingen forkunnskaper om universet eller andre laiver for \u00e5 delta.&nbsp;<\/p>\n\n\n\n<p>Det kommer noen helt nye historier om konspirasjon, metafysikk og maktfordeling!<\/p>\n\n\n\n<p>Khezia er et land i Ravnaverden, der folket er naturlig magiske. Landet ble selvstendig for bare noen f\u00e5 \u00e5r siden, og er opptatt av personlig frihet og \u00e5 v\u00e6re \u00e5pen for verdens impulser. Folket er opptatt av forskning p\u00e5 metafysiske fenomener, og ellers av \u00e5 gj\u00f8re det beste ut av livet, som kan se ulikt ut for hver enkelt.<\/p>\n\n\n\n<p>Man kan lage sin egen karakter innenfor rammene av universet, eller man f\u00e5r en kort rolle som beskriver personlighet, bakgrunn og relasjoner.<\/p>\n\n\n\n<p>Se mer under <a href=\"https:\/\/magisklaiv.org\/Ravnlaiv\/den-gyldne-bankett\/praktisk-informasjon-dgb\/\" data-type=\"page\" data-id=\"28\">Praktisk info<\/a><\/p>\n\n\n\n<figure class=\"wp-block-image size-large\"><img loading=\"lazy\" decoding=\"async\" width=\"1024\" height=\"559\" src=\"https:\/\/magisklaiv.org\/Ravnlaiv\/wp-content\/uploads\/2026\/02\/dreamstimemaximum_407733078-1024x559.jpg\" alt=\"\" class=\"wp-image-53\" srcset=\"https:\/\/magisklaiv.org\/Ravnlaiv\/wp-content\/uploads\/2026\/02\/dreamstimemaximum_407733078-1024x559.jpg 1024w, https:\/\/magisklaiv.org\/Ravnlaiv\/wp-content\/uploads\/2026\/02\/dreamstimemaximum_407733078-300x164.jpg 300w, https:\/\/magisklaiv.org\/Ravnlaiv\/wp-content\/uploads\/2026\/02\/dreamstimemaximum_407733078-768x419.jpg 768w, https:\/\/magisklaiv.org\/Ravnlaiv\/wp-content\/uploads\/2026\/02\/dreamstimemaximum_407733078-1536x838.jpg 1536w, https:\/\/magisklaiv.org\/Ravnlaiv\/wp-content\/uploads\/2026\/02\/dreamstimemaximum_407733078-2048x1117.jpg 2048w\" sizes=\"auto, (max-width: 1024px) 100vw, 1024px\" \/><\/figure>\n\n\n\n<h2 class=\"wp-block-heading\"><strong>Laivens gang:<\/strong><\/h2>\n\n\n\n<p>10.55 Oppm\u00f8te<\/p>\n\n\n\n<p>11.00 Briefing<\/p>\n\n\n\n<p>12-13 Spillstart<\/p>\n\n\n\n<p>14.00 Enkel servering<\/p>\n\n\n\n<p>17.00 Sceneskifte. De som vil kan skifte.&nbsp;<\/p>\n\n\n\n<p>18.00 D\u00f8rene \u00e5pnes til Den Gyldne Bankett.<\/p>\n\n\n\n<p>18.10 Regenten holder sin \u00e5rlige tale.<\/p>\n\n\n\n<p>18.30 Festbuffet, taler, dans og hva enn folk m\u00e5tte finne p\u00e5 \u00e5 skape av moro.<\/p>\n\n\n\n<p>20.00 Utdeling av \u00e5rets diplomer<\/p>\n\n\n\n<p>22.30 Spillet slutter. Nedrigg og skravvel<\/p>\n\n\n\n<p>01.00 Lokalet stenger<\/p>\n","protected":false},"excerpt":{"rendered":"<p>Tradisjonen tro inviterer Universitetet i Khezia til \u00e5rets Gyldne Bankett. Sosieteten, akademikere, magikere, forskere og festglade folk kommer sammen for \u00e5 hylle det siste \u00e5rets oppdagelser og prestasjoner, spise god mat og feire. Studenter p\u00e5 Universitetet f\u00e5r utdelt sin rosett! Lavterskel deltagelse, middels fantasy, max moro &#8211; laiv 24. oktober 2026. Kl 10.55-23.15Vestby Presteg\u00e5rd. 30-70 [&hellip;]<\/p>\n","protected":false},"author":1,"featured_media":0,"parent":0,"menu_order":0,"comment_status":"closed","ping_status":"closed","template":"","meta":{"footnotes":""},"class_list":["post-8","page","type-page","status-publish","hentry"],"_links":{"self":[{"href":"https:\/\/magisklaiv.org\/Ravnlaiv\/wp-json\/wp\/v2\/pages\/8","targetHints":{"allow":["GET"]}}],"collection":[{"href":"https:\/\/magisklaiv.org\/Ravnlaiv\/wp-json\/wp\/v2\/pages"}],"about":[{"href":"https:\/\/magisklaiv.org\/Ravnlaiv\/wp-json\/wp\/v2\/types\/page"}],"author":[{"embeddable":true,"href":"https:\/\/magisklaiv.org\/Ravnlaiv\/wp-json\/wp\/v2\/users\/1"}],"replies":[{"embeddable":true,"href":"https:\/\/magisklaiv.org\/Ravnlaiv\/wp-json\/wp\/v2\/comments?post=8"}],"version-history":[{"count":10,"href":"https:\/\/magisklaiv.org\/Ravnlaiv\/wp-json\/wp\/v2\/pages\/8\/revisions"}],"predecessor-version":[{"id":122,"href":"https:\/\/magisklaiv.org\/Ravnlaiv\/wp-json\/wp\/v2\/pages\/8\/revisions\/122"}],"wp:attachment":[{"href":"https:\/\/magisklaiv.org\/Ravnlaiv\/wp-json\/wp\/v2\/media?parent=8"}],"curies":[{"name":"wp","href":"https:\/\/api.w.org\/{rel}","templated":true}]}}