{"id":85,"date":"2026-02-06T13:04:07","date_gmt":"2026-02-06T13:04:07","guid":{"rendered":"https:\/\/magisklaiv.org\/Ravnlaiv\/?page_id=85"},"modified":"2026-02-06T19:34:45","modified_gmt":"2026-02-06T19:34:45","slug":"kostymer","status":"publish","type":"page","link":"https:\/\/magisklaiv.org\/Ravnlaiv\/den-gyldne-bankett\/kostymer\/","title":{"rendered":"Kostymer"},"content":{"rendered":"\n<h2 class=\"wp-block-heading\"><strong>Hvordan kle seg til Den gyldne bankett<\/strong><\/h2>\n\n\n\n<p>Det finnes beskrivelser av hver enkelt kulturs stil og s\u00e6rpreg, og forskjellen p\u00e5 folkegrupper markeres tydelig med farger.<br>P\u00e5 Banketten kler man seg gjerne mer overd\u00e5dig og kreativt, s\u00e5 det er lov \u00e5 l\u00f8srive seg fra litt fra stil. Vi kommer til \u00e5 markere nasjonalitet med ordensb\u00e5nd.<\/p>\n\n\n\n<p>V\u00e5r erfaring tilsier ogs\u00e5 at laivere generelt m\u00f8ter h\u00f8ye kostymekrav i praksis. Kostymet skal ikke v\u00e6re \u00e5rsaken til at noen f\u00f8ler de ikke kan delta p\u00e5 laiven. Ikke v\u00e6r redd for \u00e5 sp\u00f8rre om tips, r\u00e5d og hjelp fra arrang\u00f8rer og medspillere.&nbsp;<\/p>\n\n\n\n<p>Laivgarderoben har allerede store mengder kostymer som passer til de ulike kulturene, som vi gjerne vil se brukt p\u00e5 laiven, si fra hvis du vil l\u00e5ne!<\/p>\n\n\n\n<p>Vi har ogs\u00e5 laget <a href=\"https:\/\/no.pinterest.com\/magisklaiv\/ravnaverden\/\">pinterest-tavler<\/a> for hver kultur for \u00e5 illustrere stilene. <\/p>\n\n\n\n<h2 class=\"wp-block-heading\"><strong><a href=\"https:\/\/magisklaiv.org\/Ravnlaiv\/folkegrupper-i-ravnaverden\/khezia\/\" data-type=\"page\" data-id=\"76\">Khezia<\/a><\/strong><\/h2>\n\n\n\n<div class=\"wp-block-group has-global-padding is-layout-constrained wp-block-group-is-layout-constrained\">\n<p>Inspirert av mannlig indisk hoff-mote p\u00e5 1600-tallet.<br>M\u00f8nstrete stoffer. Kl\u00e6rne er gjerne sammensatt av flere m\u00f8nstre, men har monokrom fargepalett.&nbsp;<\/p>\n\n\n\n<p>Alle kj\u00f8nn bruker kjole, kjortel eller kaftan.&nbsp;<\/p>\n\n\n\n<p>Hodeplagg: Myk, spiss hatt der spissen peker ned eller pilleeske<\/p>\n\n\n\n<p>Farger: Lilla, bl\u00e5, m\u00f8nster, gjerne dekor i gull, s\u00f8lv og glitter.&nbsp;<\/p>\n<\/div>\n\n\n\n<h2 class=\"wp-block-heading\"><strong><a href=\"https:\/\/magisklaiv.org\/Ravnlaiv\/folkegrupper-i-ravnaverden\/ryohti\/\" data-type=\"page\" data-id=\"67\">Ryohti<\/a><\/strong><\/h2>\n\n\n\n<div class=\"wp-block-group has-global-padding is-layout-constrained wp-block-group-is-layout-constrained\">\n<p>Byggingen av ryohtisk samfunnskultur har hentet inspirasjon fra blant annet samene, derfor brukes prim\u00e6rfargene r\u00f8d, gul og bl\u00e5.<\/p>\n\n\n\n<p>Snittet er inspirert av skandinavisk 1700-tall, festdrakt\/bunad-fasong.<\/p>\n\n\n\n<p>Herrer: Jakke, vest, skjorte, knebukse, str\u00f8mper.&nbsp;<\/p>\n\n\n\n<p>Damer: Skj\u00f8rt, liv (vest), jakke, bluse\/skjorte, eller hel kjole.<\/p>\n\n\n\n<p>Alle: Hvite ornamenter, dekor og tilbeh\u00f8r (blonder, perler o.l.) dersom rollen har r\u00e5d til slikt.<\/p>\n\n\n\n<p>Hodeplagg: Tallerkenhatter, og\/eller bunadsinspirerte hodeplagg. Overklassedamer g\u00e5r gjerne med flosshatt.<\/p>\n\n\n\n<p>Tips: Bunadsko passer helt fint til stilen.&nbsp;<\/p>\n\n\n\n<p>Farger: Klare, sterke prim\u00e6rfarger.<\/p>\n<\/div>\n\n\n\n<h2 class=\"wp-block-heading\"><strong>Ectinia<\/strong><\/h2>\n\n\n\n<div class=\"wp-block-group has-global-padding is-layout-constrained wp-block-group-is-layout-constrained\">\n<p>Ectinsk klesstil er pomp\u00f8s og j\u00e5lete.<\/p>\n\n\n\n<p>Alle kj\u00f8nn kan bruke alle slags antrekk. Mye blonder.<\/p>\n\n\n\n<p>Inspirert av fransk adelig 1700-talls stil, med nikkers eller ankelkorte skj\u00f8rt, knestr\u00f8mper og litt fastere jakker. (Kan gjerne bruke bunadsko)<\/p>\n\n\n\n<p>Hodeplagg: Tricorn med Fj\u00e6r, Strikket enkel lue (typ voyageur hat, bunadslue), ofte lilla, eller store frisyrer pyntet med lilla (fj\u00e6r, sl\u00f8yfer o.l.)<\/p>\n\n\n\n<p>Farger: Bl\u00e5toner, hvitt.<\/p>\n<\/div>\n\n\n\n<h2 class=\"wp-block-heading\"><strong>Fandria<\/strong><\/h2>\n\n\n\n<div class=\"wp-block-group has-global-padding is-layout-constrained wp-block-group-is-layout-constrained\">\n<p>Inspirert av asiatisk eksotisk stil.&nbsp;<\/p>\n\n\n\n<p>Alle kj\u00f8nn bruker tunika og jakker, gjerne lange, og posebukser med vidden rundt bena.<\/p>\n\n\n\n<p>Hodeplagg: Turban.<\/p>\n\n\n\n<p>Farger: Jordfarger, brun, oransje, dyp r\u00f8d, gul.<\/p>\n<\/div>\n\n\n\n<h2 class=\"wp-block-heading\">Valeria<\/h2>\n\n\n\n<p>Uniformert stil<br>Hodeplagg: Stort sett bare hoder, skj\u00f8nt noen f\u00e5 har skjerf rundt hodet i sin families farge.<br>Farger: m\u00f8rkbl\u00e5 eller m\u00f8rk gr\u00e5. Familiefargene, som kan ses p\u00e5 hodeskjerf eller ordensb\u00e5nd, er ofte i m\u00f8rk r\u00f8dt eller oransje, og det er ikke lett for utenforst\u00e5ende \u00e5 se forskjell p\u00e5 disse.<\/p>\n\n\n\n<h2 class=\"wp-block-heading\">Rahel<\/h2>\n\n\n\n<div class=\"wp-block-group has-global-padding is-layout-constrained wp-block-group-is-layout-constrained\">\n<p>Tradisjonell stil er enkle plagg som bukser, skjorter og tunika i sort, med r\u00f8de skjerf o.l. I utgangspunktet lite kj\u00f8nnet.<\/p>\n\n\n\n<p>De siste \u00e5rene har avinsk mote preget stilen stadig med, og gitt st\u00f8rre kj\u00f8nnsforskjeller. <\/p>\n\n\n\n<p>Herre: Prangende bukser og korte, dekorerte jakker&nbsp;<br>Damer prangende kjoler.<\/p>\n\n\n\n<p>Farger: Sort bunn, r\u00f8de detaljer og tilbeh\u00f8r.<\/p>\n<\/div>\n\n\n\n<p>Hodeplagg: sort fj\u00e6r, enten p\u00e5 hatt eller i frisyre.<\/p>\n","protected":false},"excerpt":{"rendered":"<p>Hvordan kle seg til Den gyldne bankett Det finnes beskrivelser av hver enkelt kulturs stil og s\u00e6rpreg, og forskjellen p\u00e5 folkegrupper markeres tydelig med farger.P\u00e5 Banketten kler man seg gjerne mer overd\u00e5dig og kreativt, s\u00e5 det er lov \u00e5 l\u00f8srive seg fra litt fra stil. Vi kommer til \u00e5 markere nasjonalitet med ordensb\u00e5nd. V\u00e5r erfaring [&hellip;]<\/p>\n","protected":false},"author":1,"featured_media":0,"parent":8,"menu_order":0,"comment_status":"closed","ping_status":"closed","template":"","meta":{"footnotes":""},"class_list":["post-85","page","type-page","status-publish","hentry"],"_links":{"self":[{"href":"https:\/\/magisklaiv.org\/Ravnlaiv\/wp-json\/wp\/v2\/pages\/85","targetHints":{"allow":["GET"]}}],"collection":[{"href":"https:\/\/magisklaiv.org\/Ravnlaiv\/wp-json\/wp\/v2\/pages"}],"about":[{"href":"https:\/\/magisklaiv.org\/Ravnlaiv\/wp-json\/wp\/v2\/types\/page"}],"author":[{"embeddable":true,"href":"https:\/\/magisklaiv.org\/Ravnlaiv\/wp-json\/wp\/v2\/users\/1"}],"replies":[{"embeddable":true,"href":"https:\/\/magisklaiv.org\/Ravnlaiv\/wp-json\/wp\/v2\/comments?post=85"}],"version-history":[{"count":3,"href":"https:\/\/magisklaiv.org\/Ravnlaiv\/wp-json\/wp\/v2\/pages\/85\/revisions"}],"predecessor-version":[{"id":117,"href":"https:\/\/magisklaiv.org\/Ravnlaiv\/wp-json\/wp\/v2\/pages\/85\/revisions\/117"}],"up":[{"embeddable":true,"href":"https:\/\/magisklaiv.org\/Ravnlaiv\/wp-json\/wp\/v2\/pages\/8"}],"wp:attachment":[{"href":"https:\/\/magisklaiv.org\/Ravnlaiv\/wp-json\/wp\/v2\/media?parent=85"}],"curies":[{"name":"wp","href":"https:\/\/api.w.org\/{rel}","templated":true}]}}